{"id":1135,"date":"2026-03-18T11:21:30","date_gmt":"2026-03-18T11:21:30","guid":{"rendered":"https:\/\/camperdalias.leodigitalweb.com\/?page_id=1135"},"modified":"2026-03-18T13:50:27","modified_gmt":"2026-03-18T13:50:27","slug":"privacidad","status":"publish","type":"page","link":"https:\/\/www.caravanasparkdalias.com\/?page_id=1135","title":{"rendered":"Privacidad"},"content":{"rendered":"\t\t<div data-elementor-type=\"wp-page\" data-elementor-id=\"1135\" class=\"elementor elementor-1135\">\n\t\t\t\t<div class=\"elementor-element elementor-element-c4188b3 e-flex e-con-boxed e-con e-parent\" data-id=\"c4188b3\" data-element_type=\"container\" data-e-type=\"container\">\n\t\t\t\t\t<div class=\"e-con-inner\">\n\t\t\t\t<div class=\"elementor-element elementor-element-bc955ca elementor-widget elementor-widget-heading\" data-id=\"bc955ca\" data-element_type=\"widget\" data-e-type=\"widget\" data-widget_type=\"heading.default\">\n\t\t\t\t\t<h2 class=\"elementor-heading-title elementor-size-default\">POL\u00cdTICA DE PRIVACIDAD<\/h2>\t\t\t\t<\/div>\n\t\t\t\t<div class=\"elementor-element elementor-element-b82bc17 elementor-widget elementor-widget-heading\" data-id=\"b82bc17\" data-element_type=\"widget\" data-e-type=\"widget\" data-widget_type=\"heading.default\">\n\t\t\t\t\t<h4 class=\"elementor-heading-title elementor-size-default\">RESPONSABLE DEL TRATAMIENTO<\/h4>\t\t\t\t<\/div>\n\t\t\t\t<div class=\"elementor-element elementor-element-b976d36 elementor-widget elementor-widget-text-editor\" data-id=\"b976d36\" data-element_type=\"widget\" data-e-type=\"widget\" data-widget_type=\"text-editor.default\">\n\t\t\t\t\t\t\t\t\t<ul data-spread=\"false\"><li><p class=\"isSelectedEnd\">Titular: <span class=\"text-token-text-primary cursor-text rounded-sm\" data-placeholder-token=\"true\">[NOMBRE O EMPRESA]<\/span><\/p><\/li><li><p class=\"isSelectedEnd\">NIF\/CIF: <span class=\"text-token-text-primary cursor-text rounded-sm\" data-placeholder-token=\"true\">[NIF]<\/span><\/p><\/li><li><p class=\"isSelectedEnd\">Direcci\u00f3n: Av. de las Alpujarras, 8, 04750 Dal\u00edas, Almer\u00eda<\/p><\/li><li><p class=\"isSelectedEnd\">Email: <span class=\"text-token-text-primary cursor-text rounded-sm\" data-placeholder-token=\"true\">[EMAIL]<\/span><\/p><\/li><\/ul>\t\t\t\t\t\t\t\t<\/div>\n\t\t\t\t<div class=\"elementor-element elementor-element-2491327 elementor-widget elementor-widget-heading\" data-id=\"2491327\" data-element_type=\"widget\" data-e-type=\"widget\" data-widget_type=\"heading.default\">\n\t\t\t\t\t<h4 class=\"elementor-heading-title elementor-size-default\">FINALIDAD DEL TRATAMIENTO<\/h4>\t\t\t\t<\/div>\n\t\t\t\t<div class=\"elementor-element elementor-element-7ab6b2f elementor-widget elementor-widget-text-editor\" data-id=\"7ab6b2f\" data-element_type=\"widget\" data-e-type=\"widget\" data-widget_type=\"text-editor.default\">\n\t\t\t\t\t\t\t\t\t<p class=\"isSelectedEnd\">Los datos personales recogidos a trav\u00e9s del sitio web se utilizar\u00e1n para:<\/p><ul><li style=\"list-style-type: none;\"><ul data-spread=\"false\"><li><p class=\"isSelectedEnd\">Gestionar reservas del \u00e1rea de autocaravanas<\/p><\/li><li><p class=\"isSelectedEnd\">Responder consultas<\/p><\/li><li><p>Enviar informaci\u00f3n relacionada con el servicio<\/p><\/li><\/ul><\/li><\/ul>\t\t\t\t\t\t\t\t<\/div>\n\t\t\t\t<div class=\"elementor-element elementor-element-425d80d elementor-widget elementor-widget-heading\" data-id=\"425d80d\" data-element_type=\"widget\" data-e-type=\"widget\" data-widget_type=\"heading.default\">\n\t\t\t\t\t<h4 class=\"elementor-heading-title elementor-size-default\">LEGITIMACI\u00d3N<\/h4>\t\t\t\t<\/div>\n\t\t\t\t<div class=\"elementor-element elementor-element-b6a7b29 elementor-widget elementor-widget-text-editor\" data-id=\"b6a7b29\" data-element_type=\"widget\" data-e-type=\"widget\" data-widget_type=\"text-editor.default\">\n\t\t\t\t\t\t\t\t\t<p class=\"isSelectedEnd\">La base legal para el tratamiento es:<\/p><ul><li style=\"list-style-type: none;\"><ul data-spread=\"false\"><li><p class=\"isSelectedEnd\">El consentimiento del usuario<\/p><\/li><li><p>La ejecuci\u00f3n de un contrato (reserva)<\/p><\/li><\/ul><\/li><\/ul>\t\t\t\t\t\t\t\t<\/div>\n\t\t\t\t<div class=\"elementor-element elementor-element-0a03e40 elementor-widget elementor-widget-heading\" data-id=\"0a03e40\" data-element_type=\"widget\" data-e-type=\"widget\" data-widget_type=\"heading.default\">\n\t\t\t\t\t<h4 class=\"elementor-heading-title elementor-size-default\">CONSERVACI\u00d3N DE LOS DATOS<\/h4>\t\t\t\t<\/div>\n\t\t\t\t<div class=\"elementor-element elementor-element-7817c80 elementor-widget elementor-widget-text-editor\" data-id=\"7817c80\" data-element_type=\"widget\" data-e-type=\"widget\" data-widget_type=\"text-editor.default\">\n\t\t\t\t\t\t\t\t\t<p>Los datos se conservar\u00e1n mientras exista relaci\u00f3n comercial o durante el tiempo necesario para cumplir obligaciones legales.<\/p>\t\t\t\t\t\t\t\t<\/div>\n\t\t\t\t<div class=\"elementor-element elementor-element-97bd7b9 elementor-widget elementor-widget-heading\" data-id=\"97bd7b9\" data-element_type=\"widget\" data-e-type=\"widget\" data-widget_type=\"heading.default\">\n\t\t\t\t\t<h4 class=\"elementor-heading-title elementor-size-default\">DESTINATARIOS<\/h4>\t\t\t\t<\/div>\n\t\t\t\t<div class=\"elementor-element elementor-element-a4945a8 elementor-widget elementor-widget-text-editor\" data-id=\"a4945a8\" data-element_type=\"widget\" data-e-type=\"widget\" data-widget_type=\"text-editor.default\">\n\t\t\t\t\t\t\t\t\t<p>Los datos no se ceder\u00e1n a terceros salvo obligaci\u00f3n legal o cuando sea necesario para la prestaci\u00f3n del servicio (por ejemplo, plataformas de pago).<\/p>\t\t\t\t\t\t\t\t<\/div>\n\t\t\t\t<div class=\"elementor-element elementor-element-3d77e86 elementor-widget elementor-widget-heading\" data-id=\"3d77e86\" data-element_type=\"widget\" data-e-type=\"widget\" data-widget_type=\"heading.default\">\n\t\t\t\t\t<h4 class=\"elementor-heading-title elementor-size-default\">DERECHOS DEL USUARIO<\/h4>\t\t\t\t<\/div>\n\t\t\t\t<div class=\"elementor-element elementor-element-7ff6caf elementor-widget elementor-widget-text-editor\" data-id=\"7ff6caf\" data-element_type=\"widget\" data-e-type=\"widget\" data-widget_type=\"text-editor.default\">\n\t\t\t\t\t\t\t\t\t<p class=\"isSelectedEnd\">El usuario puede ejercer sus derechos de:<\/p><ul data-spread=\"false\"><li><p class=\"isSelectedEnd\">Acceso<\/p><\/li><li><p class=\"isSelectedEnd\">Rectificaci\u00f3n<\/p><\/li><li><p class=\"isSelectedEnd\">Supresi\u00f3n<\/p><\/li><li><p class=\"isSelectedEnd\">Limitaci\u00f3n<\/p><\/li><li><p class=\"isSelectedEnd\">Oposici\u00f3n<\/p><\/li><\/ul><p>Enviando una solicitud a: <span class=\"text-token-text-primary cursor-text rounded-sm\" data-placeholder-token=\"true\">[EMAIL]<\/span><\/p>\t\t\t\t\t\t\t\t<\/div>\n\t\t\t\t<div class=\"elementor-element elementor-element-dacc518 elementor-widget elementor-widget-heading\" data-id=\"dacc518\" data-element_type=\"widget\" data-e-type=\"widget\" data-widget_type=\"heading.default\">\n\t\t\t\t\t<h4 class=\"elementor-heading-title elementor-size-default\">SEGURIDAD<\/h4>\t\t\t\t<\/div>\n\t\t\t\t<div class=\"elementor-element elementor-element-a5dbaba elementor-widget elementor-widget-text-editor\" data-id=\"a5dbaba\" data-element_type=\"widget\" data-e-type=\"widget\" data-widget_type=\"text-editor.default\">\n\t\t\t\t\t\t\t\t\t<p>Se aplican medidas t\u00e9cnicas y organizativas adecuadas para proteger los datos personales.<\/p>\t\t\t\t\t\t\t\t<\/div>\n\t\t\t\t<div class=\"elementor-element elementor-element-303a188 elementor-widget elementor-widget-heading\" data-id=\"303a188\" data-element_type=\"widget\" data-e-type=\"widget\" data-widget_type=\"heading.default\">\n\t\t\t\t\t<h4 class=\"elementor-heading-title elementor-size-default\">COOKIES<\/h4>\t\t\t\t<\/div>\n\t\t\t\t<div class=\"elementor-element elementor-element-35bb5b0 elementor-widget elementor-widget-text-editor\" data-id=\"35bb5b0\" data-element_type=\"widget\" data-e-type=\"widget\" data-widget_type=\"text-editor.default\">\n\t\t\t\t\t\t\t\t\t<p>Este sitio utiliza cookies. Puede consultar la pol\u00edtica de cookies para m\u00e1s informaci\u00f3n.<\/p>\t\t\t\t\t\t\t\t<\/div>\n\t\t\t\t\t<\/div>\n\t\t\t\t<\/div>\n\t\t\t\t<\/div>\n\t\t","protected":false},"excerpt":{"rendered":"<p>POL\u00cdTICA DE PRIVACIDAD RESPONSABLE DEL TRATAMIENTO Titular: [NOMBRE O EMPRESA] NIF\/CIF: [NIF] Direcci\u00f3n: Av. de las Alpujarras, 8, 04750 Dal\u00edas, [&hellip;]<\/p>\n","protected":false},"author":1,"featured_media":0,"parent":0,"menu_order":0,"comment_status":"closed","ping_status":"closed","template":"","meta":{"_acf_changed":false,"site-sidebar-layout":"no-sidebar","site-content-layout":"","ast-site-content-layout":"full-width-container","site-content-style":"default","site-sidebar-style":"default","ast-global-header-display":"","ast-banner-title-visibility":"","ast-main-header-display":"","ast-hfb-above-header-display":"","ast-hfb-below-header-display":"","ast-hfb-mobile-header-display":"","site-post-title":"","ast-breadcrumbs-content":"","ast-featured-img":"disabled","footer-sml-layout":"","ast-disable-related-posts":"","theme-transparent-header-meta":"","adv-header-id-meta":"","stick-header-meta":"","header-above-stick-meta":"","header-main-stick-meta":"","header-below-stick-meta":"","astra-migrate-meta-layouts":"default","ast-page-background-enabled":"default","ast-page-background-meta":{"desktop":{"background-color":"var(--ast-global-color-5)","background-image":"","background-repeat":"repeat","background-position":"center center","background-size":"auto","background-attachment":"scroll","background-type":"","background-media":"","overlay-type":"","overlay-color":"","overlay-opacity":"","overlay-gradient":""},"tablet":{"background-color":"","background-image":"","background-repeat":"repeat","background-position":"center center","background-size":"auto","background-attachment":"scroll","background-type":"","background-media":"","overlay-type":"","overlay-color":"","overlay-opacity":"","overlay-gradient":""},"mobile":{"background-color":"","background-image":"","background-repeat":"repeat","background-position":"center center","background-size":"auto","background-attachment":"scroll","background-type":"","background-media":"","overlay-type":"","overlay-color":"","overlay-opacity":"","overlay-gradient":""}},"ast-content-background-meta":{"desktop":{"background-color":"var(--ast-global-color-4)","background-image":"","background-repeat":"repeat","background-position":"center center","background-size":"auto","background-attachment":"scroll","background-type":"","background-media":"","overlay-type":"","overlay-color":"","overlay-opacity":"","overlay-gradient":""},"tablet":{"background-color":"var(--ast-global-color-4)","background-image":"","background-repeat":"repeat","background-position":"center center","background-size":"auto","background-attachment":"scroll","background-type":"","background-media":"","overlay-type":"","overlay-color":"","overlay-opacity":"","overlay-gradient":""},"mobile":{"background-color":"var(--ast-global-color-4)","background-image":"","background-repeat":"repeat","background-position":"center center","background-size":"auto","background-attachment":"scroll","background-type":"","background-media":"","overlay-type":"","overlay-color":"","overlay-opacity":"","overlay-gradient":""}},"footnotes":""},"class_list":["post-1135","page","type-page","status-publish","hentry"],"acf":[],"_links":{"self":[{"href":"https:\/\/www.caravanasparkdalias.com\/index.php?rest_route=\/wp\/v2\/pages\/1135","targetHints":{"allow":["GET"]}}],"collection":[{"href":"https:\/\/www.caravanasparkdalias.com\/index.php?rest_route=\/wp\/v2\/pages"}],"about":[{"href":"https:\/\/www.caravanasparkdalias.com\/index.php?rest_route=\/wp\/v2\/types\/page"}],"author":[{"embeddable":true,"href":"https:\/\/www.caravanasparkdalias.com\/index.php?rest_route=\/wp\/v2\/users\/1"}],"replies":[{"embeddable":true,"href":"https:\/\/www.caravanasparkdalias.com\/index.php?rest_route=%2Fwp%2Fv2%2Fcomments&post=1135"}],"version-history":[{"count":8,"href":"https:\/\/www.caravanasparkdalias.com\/index.php?rest_route=\/wp\/v2\/pages\/1135\/revisions"}],"predecessor-version":[{"id":1223,"href":"https:\/\/www.caravanasparkdalias.com\/index.php?rest_route=\/wp\/v2\/pages\/1135\/revisions\/1223"}],"wp:attachment":[{"href":"https:\/\/www.caravanasparkdalias.com\/index.php?rest_route=%2Fwp%2Fv2%2Fmedia&parent=1135"}],"curies":[{"name":"wp","href":"https:\/\/api.w.org\/{rel}","templated":true}]}}